{"id":176,"date":"2025-11-04T16:59:49","date_gmt":"2025-11-04T14:59:49","guid":{"rendered":"https:\/\/carohypno.fr\/?page_id=176"},"modified":"2025-11-04T17:42:09","modified_gmt":"2025-11-04T15:42:09","slug":"prendre-rendez-vous","status":"publish","type":"page","link":"https:\/\/carohypno.fr\/index.php\/prendre-rendez-vous\/","title":{"rendered":"Prendre Rendez-vous"},"content":{"rendered":"\t\t<div data-elementor-type=\"wp-page\" data-elementor-id=\"176\" class=\"elementor elementor-176\" data-elementor-settings=\"{&quot;ha_cmc_init_switcher&quot;:&quot;no&quot;}\" data-elementor-post-type=\"page\">\n\t\t\t\t<div class=\"elementor-element elementor-element-7a015ec e-flex e-con-boxed e-con e-parent\" data-id=\"7a015ec\" data-element_type=\"container\" data-settings=\"{&quot;_ha_eqh_enable&quot;:false}\">\n\t\t\t\t\t<div class=\"e-con-inner\">\n\t\t\t\t<div class=\"elementor-element elementor-element-ab428c4 exad-sticky-section-no exad-glass-effect-no elementor-widget elementor-widget-heading\" data-id=\"ab428c4\" data-element_type=\"widget\" data-widget_type=\"heading.default\">\n\t\t\t\t\t<h2 class=\"elementor-heading-title elementor-size-default\">Prendre Rendez-vous<\/h2>\t\t\t\t<\/div>\n\t\t\t\t<div class=\"elementor-element elementor-element-fa1a106 exad-sticky-section-no exad-glass-effect-no elementor-widget elementor-widget-text-editor\" data-id=\"fa1a106\" data-element_type=\"widget\" data-widget_type=\"text-editor.default\">\n\t\t\t\t\t\t\t\t\t<p>Consultation sur rendez-vous uniquement.<\/p>\t\t\t\t\t\t\t\t<\/div>\n\t\t\t\t\t<\/div>\n\t\t\t\t<\/div>\n\t\t<div class=\"elementor-element elementor-element-68c4a30 e-grid e-con-boxed e-con e-parent\" data-id=\"68c4a30\" data-element_type=\"container\" data-settings=\"{&quot;_ha_eqh_enable&quot;:false}\">\n\t\t\t\t\t<div class=\"e-con-inner\">\n\t\t<div class=\"elementor-element elementor-element-2b39cc6 e-grid e-con-full e-con e-child\" data-id=\"2b39cc6\" data-element_type=\"container\" data-settings=\"{&quot;_ha_eqh_enable&quot;:false}\">\n\t\t\t\t<div class=\"elementor-element elementor-element-ee28c91 exad-sticky-section-no exad-glass-effect-no elementor-widget elementor-widget-heading\" data-id=\"ee28c91\" data-element_type=\"widget\" data-widget_type=\"heading.default\">\n\t\t\t\t\t<h3 class=\"elementor-heading-title elementor-size-default\">Centre m\u00e9dical Louise Michel\n76 Rue Louise Michel<br><br>Sartrouville - 78500<\/h3>\t\t\t\t<\/div>\n\t\t\t\t<div class=\"elementor-element elementor-element-eaf4131 exad-sticky-section-no exad-glass-effect-no elementor-widget elementor-widget-ha-link-hover happy-addon ha-link-hover\" data-id=\"eaf4131\" data-element_type=\"widget\" data-widget_type=\"ha-link-hover.default\">\n\t\t\t\t\t        <link-hover class=\"ha_content__item\">\n            <a href=\"tel:0620917434\" class=\"ha-link ha-link--carpo\"   rel=\"nofollow\">06 20 91 74 34<\/a>\n        <\/link-hover>\t\t\t\t<\/div>\n\t\t\t\t<div class=\"elementor-element elementor-element-35562ab exad-sticky-section-no exad-glass-effect-no elementor-widget elementor-widget-ha-link-hover happy-addon ha-link-hover\" data-id=\"35562ab\" data-element_type=\"widget\" data-widget_type=\"ha-link-hover.default\">\n\t\t\t\t\t        <link-hover class=\"ha_content__item\">\n            <a href=\"mailto:souveraincaroline5@gmail.com\" class=\"ha-link ha-link--carpo\"   rel=\"nofollow\">souveraincaroline5@gmail.com<\/a>\n        <\/link-hover>\t\t\t\t<\/div>\n\t\t\t\t<\/div>\n\t\t\t\t<div class=\"elementor-element elementor-element-81fe52c exad-sticky-section-no exad-glass-effect-no elementor-widget elementor-widget-google_maps\" data-id=\"81fe52c\" data-element_type=\"widget\" data-widget_type=\"google_maps.default\">\n\t\t\t\t\t\t\t<div class=\"elementor-custom-embed\">\n\t\t\t<iframe loading=\"lazy\"\n\t\t\t\t\tsrc=\"https:\/\/maps.google.com\/maps?q=76%20Rue%20Louise%20Michel%2C%2078500%20Sartrouville&#038;t=m&#038;z=13&#038;output=embed&#038;iwloc=near\"\n\t\t\t\t\ttitle=\"76 Rue Louise Michel, 78500 Sartrouville\"\n\t\t\t\t\taria-label=\"76 Rue Louise Michel, 78500 Sartrouville\"\n\t\t\t><\/iframe>\n\t\t<\/div>\n\t\t\t\t\t\t<\/div>\n\t\t\t\t\t<\/div>\n\t\t\t\t<\/div>\n\t\t<div class=\"elementor-element elementor-element-bbbf1a3 e-flex e-con-boxed e-con e-parent\" data-id=\"bbbf1a3\" data-element_type=\"container\" data-settings=\"{&quot;_ha_eqh_enable&quot;:false}\">\n\t\t\t\t\t<div class=\"e-con-inner\">\n\t\t\t\t<div class=\"elementor-element elementor-element-2fbeffc exad-sticky-section-no exad-glass-effect-no elementor-widget elementor-widget-heading\" data-id=\"2fbeffc\" data-element_type=\"widget\" data-widget_type=\"heading.default\">\n\t\t\t\t\t<h4 class=\"elementor-heading-title elementor-size-default\">Tarifs<\/h4>\t\t\t\t<\/div>\n\t\t\t\t<div class=\"elementor-element elementor-element-f5ad698 exad-sticky-section-no exad-glass-effect-no elementor-widget elementor-widget-text-editor\" data-id=\"f5ad698\" data-element_type=\"widget\" data-widget_type=\"text-editor.default\">\n\t\t\t\t\t\t\t\t\t<p>S\u00e9ance: 80 Euros<\/p><p>\u00e0 partir de 4 s\u00e9ances, une s\u00e9ance offerte<\/p>\t\t\t\t\t\t\t\t<\/div>\n\t\t\t\t\t<\/div>\n\t\t\t\t<\/div>\n\t\t\t\t<\/div>\n\t\t","protected":false},"excerpt":{"rendered":"<p>Prendre Rendez-vous Consultation sur rendez-vous uniquement. Centre m\u00e9dical Louise Michel 76 Rue Louise Michel Sartrouville &#8211; 78500 06 20 91 74 34 souveraincaroline5@gmail.com Tarifs S\u00e9ance: 80 Euros \u00e0 partir de 4 s\u00e9ances, une s\u00e9ance offerte<\/p>\n","protected":false},"author":1,"featured_media":0,"parent":0,"menu_order":0,"comment_status":"closed","ping_status":"closed","template":"","meta":{"inline_featured_image":false,"footnotes":""},"class_list":["post-176","page","type-page","status-publish","hentry"],"yoast_head":"<!-- This site is optimized with the Yoast SEO Premium plugin v26.0 (Yoast SEO v26.0) - https:\/\/yoast.com\/wordpress\/plugins\/seo\/ -->\n<title>Prendre Rendez-vous - CaroHypno<\/title>\n<meta name=\"robots\" content=\"index, follow, max-snippet:-1, max-image-preview:large, max-video-preview:-1\" \/>\n<link rel=\"canonical\" href=\"https:\/\/carohypno.fr\/index.php\/prendre-rendez-vous\/\" \/>\n<meta property=\"og:locale\" content=\"fr_FR\" \/>\n<meta property=\"og:type\" content=\"article\" \/>\n<meta property=\"og:title\" content=\"Prendre Rendez-vous\" \/>\n<meta property=\"og:description\" content=\"Prendre Rendez-vous Consultation sur rendez-vous uniquement. Centre m\u00e9dical Louise Michel 76 Rue Louise Michel Sartrouville &#8211; 78500 06 20 91 74 34 souveraincaroline5@gmail.com Tarifs S\u00e9ance: 80 Euros \u00e0 partir de 4 s\u00e9ances, une s\u00e9ance offerte\" \/>\n<meta property=\"og:url\" content=\"https:\/\/carohypno.fr\/index.php\/prendre-rendez-vous\/\" \/>\n<meta property=\"og:site_name\" content=\"CaroHypno\" \/>\n<meta property=\"article:modified_time\" content=\"2025-11-04T15:42:09+00:00\" \/>\n<meta name=\"twitter:card\" content=\"summary_large_image\" \/>\n<meta name=\"twitter:label1\" content=\"Dur\u00e9e de lecture estim\u00e9e\" \/>\n\t<meta name=\"twitter:data1\" content=\"1 minute\" \/>\n<script type=\"application\/ld+json\" class=\"yoast-schema-graph\">{\"@context\":\"https:\/\/schema.org\",\"@graph\":[{\"@type\":\"WebPage\",\"@id\":\"https:\/\/carohypno.fr\/index.php\/prendre-rendez-vous\/\",\"url\":\"https:\/\/carohypno.fr\/index.php\/prendre-rendez-vous\/\",\"name\":\"Prendre Rendez-vous - CaroHypno\",\"isPartOf\":{\"@id\":\"https:\/\/carohypno.fr\/#website\"},\"datePublished\":\"2025-11-04T14:59:49+00:00\",\"dateModified\":\"2025-11-04T15:42:09+00:00\",\"breadcrumb\":{\"@id\":\"https:\/\/carohypno.fr\/index.php\/prendre-rendez-vous\/#breadcrumb\"},\"inLanguage\":\"fr-FR\",\"potentialAction\":[{\"@type\":\"ReadAction\",\"target\":[\"https:\/\/carohypno.fr\/index.php\/prendre-rendez-vous\/\"]}]},{\"@type\":\"BreadcrumbList\",\"@id\":\"https:\/\/carohypno.fr\/index.php\/prendre-rendez-vous\/#breadcrumb\",\"itemListElement\":[{\"@type\":\"ListItem\",\"position\":1,\"name\":\"Accueil\",\"item\":\"https:\/\/carohypno.fr\/\"},{\"@type\":\"ListItem\",\"position\":2,\"name\":\"Prendre Rendez-vous\"}]},{\"@type\":\"WebSite\",\"@id\":\"https:\/\/carohypno.fr\/#website\",\"url\":\"https:\/\/carohypno.fr\/\",\"name\":\"CaroHypno\",\"description\":\"\",\"potentialAction\":[{\"@type\":\"SearchAction\",\"target\":{\"@type\":\"EntryPoint\",\"urlTemplate\":\"https:\/\/carohypno.fr\/?s={search_term_string}\"},\"query-input\":{\"@type\":\"PropertyValueSpecification\",\"valueRequired\":true,\"valueName\":\"search_term_string\"}}],\"inLanguage\":\"fr-FR\"}]}<\/script>\n<!-- \/ Yoast SEO Premium plugin. -->","yoast_head_json":{"title":"Prendre Rendez-vous - CaroHypno","robots":{"index":"index","follow":"follow","max-snippet":"max-snippet:-1","max-image-preview":"max-image-preview:large","max-video-preview":"max-video-preview:-1"},"canonical":"https:\/\/carohypno.fr\/index.php\/prendre-rendez-vous\/","og_locale":"fr_FR","og_type":"article","og_title":"Prendre Rendez-vous","og_description":"Prendre Rendez-vous Consultation sur rendez-vous uniquement. Centre m\u00e9dical Louise Michel 76 Rue Louise Michel Sartrouville &#8211; 78500 06 20 91 74 34 souveraincaroline5@gmail.com Tarifs S\u00e9ance: 80 Euros \u00e0 partir de 4 s\u00e9ances, une s\u00e9ance offerte","og_url":"https:\/\/carohypno.fr\/index.php\/prendre-rendez-vous\/","og_site_name":"CaroHypno","article_modified_time":"2025-11-04T15:42:09+00:00","twitter_card":"summary_large_image","twitter_misc":{"Dur\u00e9e de lecture estim\u00e9e":"1 minute"},"schema":{"@context":"https:\/\/schema.org","@graph":[{"@type":"WebPage","@id":"https:\/\/carohypno.fr\/index.php\/prendre-rendez-vous\/","url":"https:\/\/carohypno.fr\/index.php\/prendre-rendez-vous\/","name":"Prendre Rendez-vous - CaroHypno","isPartOf":{"@id":"https:\/\/carohypno.fr\/#website"},"datePublished":"2025-11-04T14:59:49+00:00","dateModified":"2025-11-04T15:42:09+00:00","breadcrumb":{"@id":"https:\/\/carohypno.fr\/index.php\/prendre-rendez-vous\/#breadcrumb"},"inLanguage":"fr-FR","potentialAction":[{"@type":"ReadAction","target":["https:\/\/carohypno.fr\/index.php\/prendre-rendez-vous\/"]}]},{"@type":"BreadcrumbList","@id":"https:\/\/carohypno.fr\/index.php\/prendre-rendez-vous\/#breadcrumb","itemListElement":[{"@type":"ListItem","position":1,"name":"Accueil","item":"https:\/\/carohypno.fr\/"},{"@type":"ListItem","position":2,"name":"Prendre Rendez-vous"}]},{"@type":"WebSite","@id":"https:\/\/carohypno.fr\/#website","url":"https:\/\/carohypno.fr\/","name":"CaroHypno","description":"","potentialAction":[{"@type":"SearchAction","target":{"@type":"EntryPoint","urlTemplate":"https:\/\/carohypno.fr\/?s={search_term_string}"},"query-input":{"@type":"PropertyValueSpecification","valueRequired":true,"valueName":"search_term_string"}}],"inLanguage":"fr-FR"}]}},"_links":{"self":[{"href":"https:\/\/carohypno.fr\/index.php\/wp-json\/wp\/v2\/pages\/176","targetHints":{"allow":["GET"]}}],"collection":[{"href":"https:\/\/carohypno.fr\/index.php\/wp-json\/wp\/v2\/pages"}],"about":[{"href":"https:\/\/carohypno.fr\/index.php\/wp-json\/wp\/v2\/types\/page"}],"author":[{"embeddable":true,"href":"https:\/\/carohypno.fr\/index.php\/wp-json\/wp\/v2\/users\/1"}],"replies":[{"embeddable":true,"href":"https:\/\/carohypno.fr\/index.php\/wp-json\/wp\/v2\/comments?post=176"}],"version-history":[{"count":16,"href":"https:\/\/carohypno.fr\/index.php\/wp-json\/wp\/v2\/pages\/176\/revisions"}],"predecessor-version":[{"id":207,"href":"https:\/\/carohypno.fr\/index.php\/wp-json\/wp\/v2\/pages\/176\/revisions\/207"}],"wp:attachment":[{"href":"https:\/\/carohypno.fr\/index.php\/wp-json\/wp\/v2\/media?parent=176"}],"curies":[{"name":"wp","href":"https:\/\/api.w.org\/{rel}","templated":true}]}}