{"id":149,"date":"2025-11-04T16:39:10","date_gmt":"2025-11-04T14:39:10","guid":{"rendered":"https:\/\/carohypno.fr\/?page_id=149"},"modified":"2025-11-04T17:27:40","modified_gmt":"2025-11-04T15:27:40","slug":"deroulement-des-seances","status":"publish","type":"page","link":"https:\/\/carohypno.fr\/index.php\/deroulement-des-seances\/","title":{"rendered":"D\u00e9roulement des s\u00e9ances"},"content":{"rendered":"\t\t<div data-elementor-type=\"wp-page\" data-elementor-id=\"149\" class=\"elementor elementor-149\" data-elementor-settings=\"{&quot;ha_cmc_init_switcher&quot;:&quot;no&quot;}\" data-elementor-post-type=\"page\">\n\t\t\t\t<div class=\"elementor-element elementor-element-c0da71d e-flex e-con-boxed e-con e-parent\" data-id=\"c0da71d\" data-element_type=\"container\" data-settings=\"{&quot;_ha_eqh_enable&quot;:false}\">\n\t\t\t\t\t<div class=\"e-con-inner\">\n\t\t\t\t<div class=\"elementor-element elementor-element-045c78e exad-sticky-section-no exad-glass-effect-no elementor-widget elementor-widget-spacer\" data-id=\"045c78e\" data-element_type=\"widget\" data-widget_type=\"spacer.default\">\n\t\t\t\t\t\t\t<div class=\"elementor-spacer\">\n\t\t\t<div class=\"elementor-spacer-inner\"><\/div>\n\t\t<\/div>\n\t\t\t\t\t\t<\/div>\n\t\t\t\t<div class=\"elementor-element elementor-element-40b54bd exad-sticky-section-no exad-glass-effect-no elementor-widget elementor-widget-text-editor\" data-id=\"40b54bd\" data-element_type=\"widget\" data-widget_type=\"text-editor.default\">\n\t\t\t\t\t\t\t\t\t<p><strong>ATTENTION<\/strong> : Une s\u00e9ance d\u2019imaginologie\u00ae, d\u2019hypnose ou de PNL ne remplace pas un avis m\u00e9dical. N\u2019arr\u00eatez pas votre traitement sans en r\u00e9f\u00e9rer \u00e0 votre m\u00e9decin. L\u2019imaginologie\u00ae, l\u2019hypnose ou la PNL ne se substituent pas aux autres th\u00e9rapies.<\/p><p>\u00a0<\/p><p><strong>Comment se d\u00e9roulent mes consultations ?<\/strong><br \/><strong>Phase 1<\/strong> \u2013 La formulation pr\u00e9cise de l\u2019objectif que vous souhaitez atteindre<\/p><p>Lors de cette \u00e9tape, vous prenez le temps de vous exprimer, et c\u2019est avec bienveillance et \u00e9coute active que j\u2019accueille vos propos.<\/p><p>Puis, si besoin, je vous guiderai par diff\u00e9rentes techniques (comme, par exemple, un tirage de cartes SPEECH qui est toujours tr\u00e8s bluffant et qui lib\u00e8re la parole), afin que vous puissiez mettre une adresse pr\u00e9cise dans votre GPS et ainsi, savoir o\u00f9 vous souhaitez aller. Ce sera la formulation de votre objectif. Ce moment est tr\u00e8s important et essentiel pour avancer correctement.<\/p><p>Vous verrez que je vous parlerai de R\u00eave R\u00e9alis\u00e9 ou de RR\u00a9 et que vous serez heureux de repartir avec votre d\u00e9roul\u00e9 de film \u00e9crit noir sur blanc dans lequel vous pourrez vous projeter de mani\u00e8re concr\u00e8te. Vous r\u00e9aliserez \u00e9galement ce que j\u2019appelle un SIT\u00a9 (un symbole d\u2019intention transformatrice) et vous pourrez conserver ce SIT partout avec vous, voire m\u00eame en faire plusieurs pour les mettre \u00e0 diff\u00e9rents endroits chez vous. Votre cerveau va adorer, votre inconscient va continuer le travail effectu\u00e9 en s\u00e9ances et vous allez faire des pas de g\u00e9ant !<\/p><p>Si le besoin se fait sentir, j\u2019utilise avec vous des outils de coaching efficaces pour vous aider \u00e0 avancer, \u00e0 lever les voiles, et \u00e0 mieux comprendre ce qui vous pousse \u00e0 venir me rencontrer.<\/p><p><strong>Phase 2<\/strong> \u2013 Un temps d\u2019action o\u00f9 j\u2019utilise des techniques issues de la PNL<\/p><p>La PNL est une technique puissante de changement. Cette phase se fait en mode conscient, m\u00eame si vous amorcez d\u00e9j\u00e0 l\u2019\u00e9tat modifi\u00e9 de conscience de la phase suivante.<\/p><p>NOTA BENE : Il peut arriver que ce soit tellement le brouillard pour vous, qu\u2019il faille plus de temps pour formuler correctement un objectif respectueux et qui vous m\u00e8ne sur la bonne route. Tout ce travail de r\u00e9flexion, discussion, en mode conscient, avec des techniques de PNL, fait partie du travail th\u00e9rapeutique. La s\u00e9ance m\u00eame d\u2019imaginologie\u00ae &amp; Hypnose sera alors faite, si besoin, \u00e0 la session suivante si l\u2019objectif a pris du temps pour \u00eatre d\u00e9fini.<\/p><p><strong>Phase 3<\/strong> \u2013 La S\u00e9ance d\u2019imaginologie\u00ae et d\u2019hypnose \u00e0 proprement parler<\/p><p>C\u2019est le moment o\u00f9 vous vous installez dans le fauteuil\u2026 ou bien restez debout, si l\u2019\u00e9nergie de la s\u00e9ance le demande.<br \/>Guid\u00e9\u00b7e par le fil de ma voix, vous entrez dans un espace o\u00f9 l\u2019imaginaire devient un pont vers l\u2019inconscient.<\/p><p>Votre monde int\u00e9rieur s\u2019ouvre, interagit, coop\u00e8re\u2026 et se laisse emporter dans une odyss\u00e9e symbolique, o\u00f9 chaque arch\u00e9type propos\u00e9 \u2014 avec justesse et pr\u00e9cision \u2014 entre en r\u00e9sonance avec ce que vous \u00eates venu\u00b7e transformer.<\/p><p>La s\u00e9ance se tisse \u00e0 deux voix : je vous guide, vous me partagez, vous ressentez, vous transformez.<\/p><p>Un dialogue vivant entre vous, moi, et ce qui en vous cherche \u00e0 s\u2019aligner pour votre plus grand bien\u2026 et le plus grand bien de tous.<\/p>\t\t\t\t\t\t\t\t<\/div>\n\t\t\t\t\t<\/div>\n\t\t\t\t<\/div>\n\t\t\t\t<\/div>\n\t\t","protected":false},"excerpt":{"rendered":"<p>ATTENTION : Une s\u00e9ance d\u2019imaginologie\u00ae, d\u2019hypnose ou de PNL ne remplace pas un avis m\u00e9dical. N\u2019arr\u00eatez pas votre traitement sans en r\u00e9f\u00e9rer \u00e0 votre m\u00e9decin. L\u2019imaginologie\u00ae, l\u2019hypnose ou la PNL ne se substituent pas aux autres th\u00e9rapies. \u00a0 Comment se d\u00e9roulent mes consultations ?Phase 1 \u2013 La formulation pr\u00e9cise de l\u2019objectif que vous souhaitez atteindre [&hellip;]<\/p>\n","protected":false},"author":1,"featured_media":0,"parent":0,"menu_order":0,"comment_status":"closed","ping_status":"closed","template":"","meta":{"inline_featured_image":false,"footnotes":""},"class_list":["post-149","page","type-page","status-publish","hentry"],"yoast_head":"<!-- This site is optimized with the Yoast SEO Premium plugin v26.0 (Yoast SEO v26.0) - https:\/\/yoast.com\/wordpress\/plugins\/seo\/ -->\n<title>D\u00e9roulement des s\u00e9ances - CaroHypno<\/title>\n<meta name=\"robots\" content=\"index, follow, max-snippet:-1, max-image-preview:large, max-video-preview:-1\" \/>\n<link rel=\"canonical\" href=\"https:\/\/carohypno.fr\/index.php\/deroulement-des-seances\/\" \/>\n<meta property=\"og:locale\" content=\"fr_FR\" \/>\n<meta property=\"og:type\" content=\"article\" \/>\n<meta property=\"og:title\" content=\"D\u00e9roulement des s\u00e9ances\" \/>\n<meta property=\"og:description\" content=\"ATTENTION : Une s\u00e9ance d\u2019imaginologie\u00ae, d\u2019hypnose ou de PNL ne remplace pas un avis m\u00e9dical. N\u2019arr\u00eatez pas votre traitement sans en r\u00e9f\u00e9rer \u00e0 votre m\u00e9decin. L\u2019imaginologie\u00ae, l\u2019hypnose ou la PNL ne se substituent pas aux autres th\u00e9rapies. \u00a0 Comment se d\u00e9roulent mes consultations ?Phase 1 \u2013 La formulation pr\u00e9cise de l\u2019objectif que vous souhaitez atteindre [&hellip;]\" \/>\n<meta property=\"og:url\" content=\"https:\/\/carohypno.fr\/index.php\/deroulement-des-seances\/\" \/>\n<meta property=\"og:site_name\" content=\"CaroHypno\" \/>\n<meta property=\"article:modified_time\" content=\"2025-11-04T15:27:40+00:00\" \/>\n<meta name=\"twitter:card\" content=\"summary_large_image\" \/>\n<meta name=\"twitter:label1\" content=\"Dur\u00e9e de lecture estim\u00e9e\" \/>\n\t<meta name=\"twitter:data1\" content=\"3 minutes\" \/>\n<script type=\"application\/ld+json\" class=\"yoast-schema-graph\">{\"@context\":\"https:\/\/schema.org\",\"@graph\":[{\"@type\":\"WebPage\",\"@id\":\"https:\/\/carohypno.fr\/index.php\/deroulement-des-seances\/\",\"url\":\"https:\/\/carohypno.fr\/index.php\/deroulement-des-seances\/\",\"name\":\"D\u00e9roulement des s\u00e9ances - CaroHypno\",\"isPartOf\":{\"@id\":\"https:\/\/carohypno.fr\/#website\"},\"datePublished\":\"2025-11-04T14:39:10+00:00\",\"dateModified\":\"2025-11-04T15:27:40+00:00\",\"breadcrumb\":{\"@id\":\"https:\/\/carohypno.fr\/index.php\/deroulement-des-seances\/#breadcrumb\"},\"inLanguage\":\"fr-FR\",\"potentialAction\":[{\"@type\":\"ReadAction\",\"target\":[\"https:\/\/carohypno.fr\/index.php\/deroulement-des-seances\/\"]}]},{\"@type\":\"BreadcrumbList\",\"@id\":\"https:\/\/carohypno.fr\/index.php\/deroulement-des-seances\/#breadcrumb\",\"itemListElement\":[{\"@type\":\"ListItem\",\"position\":1,\"name\":\"Accueil\",\"item\":\"https:\/\/carohypno.fr\/\"},{\"@type\":\"ListItem\",\"position\":2,\"name\":\"D\u00e9roulement des s\u00e9ances\"}]},{\"@type\":\"WebSite\",\"@id\":\"https:\/\/carohypno.fr\/#website\",\"url\":\"https:\/\/carohypno.fr\/\",\"name\":\"CaroHypno\",\"description\":\"\",\"potentialAction\":[{\"@type\":\"SearchAction\",\"target\":{\"@type\":\"EntryPoint\",\"urlTemplate\":\"https:\/\/carohypno.fr\/?s={search_term_string}\"},\"query-input\":{\"@type\":\"PropertyValueSpecification\",\"valueRequired\":true,\"valueName\":\"search_term_string\"}}],\"inLanguage\":\"fr-FR\"}]}<\/script>\n<!-- \/ Yoast SEO Premium plugin. -->","yoast_head_json":{"title":"D\u00e9roulement des s\u00e9ances - CaroHypno","robots":{"index":"index","follow":"follow","max-snippet":"max-snippet:-1","max-image-preview":"max-image-preview:large","max-video-preview":"max-video-preview:-1"},"canonical":"https:\/\/carohypno.fr\/index.php\/deroulement-des-seances\/","og_locale":"fr_FR","og_type":"article","og_title":"D\u00e9roulement des s\u00e9ances","og_description":"ATTENTION : Une s\u00e9ance d\u2019imaginologie\u00ae, d\u2019hypnose ou de PNL ne remplace pas un avis m\u00e9dical. N\u2019arr\u00eatez pas votre traitement sans en r\u00e9f\u00e9rer \u00e0 votre m\u00e9decin. L\u2019imaginologie\u00ae, l\u2019hypnose ou la PNL ne se substituent pas aux autres th\u00e9rapies. \u00a0 Comment se d\u00e9roulent mes consultations ?Phase 1 \u2013 La formulation pr\u00e9cise de l\u2019objectif que vous souhaitez atteindre [&hellip;]","og_url":"https:\/\/carohypno.fr\/index.php\/deroulement-des-seances\/","og_site_name":"CaroHypno","article_modified_time":"2025-11-04T15:27:40+00:00","twitter_card":"summary_large_image","twitter_misc":{"Dur\u00e9e de lecture estim\u00e9e":"3 minutes"},"schema":{"@context":"https:\/\/schema.org","@graph":[{"@type":"WebPage","@id":"https:\/\/carohypno.fr\/index.php\/deroulement-des-seances\/","url":"https:\/\/carohypno.fr\/index.php\/deroulement-des-seances\/","name":"D\u00e9roulement des s\u00e9ances - CaroHypno","isPartOf":{"@id":"https:\/\/carohypno.fr\/#website"},"datePublished":"2025-11-04T14:39:10+00:00","dateModified":"2025-11-04T15:27:40+00:00","breadcrumb":{"@id":"https:\/\/carohypno.fr\/index.php\/deroulement-des-seances\/#breadcrumb"},"inLanguage":"fr-FR","potentialAction":[{"@type":"ReadAction","target":["https:\/\/carohypno.fr\/index.php\/deroulement-des-seances\/"]}]},{"@type":"BreadcrumbList","@id":"https:\/\/carohypno.fr\/index.php\/deroulement-des-seances\/#breadcrumb","itemListElement":[{"@type":"ListItem","position":1,"name":"Accueil","item":"https:\/\/carohypno.fr\/"},{"@type":"ListItem","position":2,"name":"D\u00e9roulement des s\u00e9ances"}]},{"@type":"WebSite","@id":"https:\/\/carohypno.fr\/#website","url":"https:\/\/carohypno.fr\/","name":"CaroHypno","description":"","potentialAction":[{"@type":"SearchAction","target":{"@type":"EntryPoint","urlTemplate":"https:\/\/carohypno.fr\/?s={search_term_string}"},"query-input":{"@type":"PropertyValueSpecification","valueRequired":true,"valueName":"search_term_string"}}],"inLanguage":"fr-FR"}]}},"_links":{"self":[{"href":"https:\/\/carohypno.fr\/index.php\/wp-json\/wp\/v2\/pages\/149","targetHints":{"allow":["GET"]}}],"collection":[{"href":"https:\/\/carohypno.fr\/index.php\/wp-json\/wp\/v2\/pages"}],"about":[{"href":"https:\/\/carohypno.fr\/index.php\/wp-json\/wp\/v2\/types\/page"}],"author":[{"embeddable":true,"href":"https:\/\/carohypno.fr\/index.php\/wp-json\/wp\/v2\/users\/1"}],"replies":[{"embeddable":true,"href":"https:\/\/carohypno.fr\/index.php\/wp-json\/wp\/v2\/comments?post=149"}],"version-history":[{"count":10,"href":"https:\/\/carohypno.fr\/index.php\/wp-json\/wp\/v2\/pages\/149\/revisions"}],"predecessor-version":[{"id":193,"href":"https:\/\/carohypno.fr\/index.php\/wp-json\/wp\/v2\/pages\/149\/revisions\/193"}],"wp:attachment":[{"href":"https:\/\/carohypno.fr\/index.php\/wp-json\/wp\/v2\/media?parent=149"}],"curies":[{"name":"wp","href":"https:\/\/api.w.org\/{rel}","templated":true}]}}